{"id":99,"date":"2020-03-30T17:06:35","date_gmt":"2020-03-30T17:06:35","guid":{"rendered":"http:\/\/extranet.magnadian.com:8800\/azeinfo\/?page_id=99"},"modified":"2023-09-07T08:09:01","modified_gmt":"2023-09-07T08:09:01","slug":"socios-azeinfo","status":"publish","type":"page","link":"http:\/\/extranet.magnadian.com:8800\/azeinfo\/socios-azeinfo\/","title":{"rendered":"Socios AZEINFO"},"content":{"rendered":"\n<div class=\"wp-block-columns is-layout-flex wp-container-3 wp-block-columns-is-layout-flex\">\n<div class=\"wp-block-column is-layout-flow wp-block-column-is-layout-flow\">\n<figure class=\"wp-block-image size-large is-resized\"><img decoding=\"async\" loading=\"lazy\" src=\"http:\/\/extranet.magnadian.com:8800\/azeinfo\/wp-content\/uploads\/2023\/09\/euroideas3_logo-1024x415.jpg\" alt=\"\" class=\"wp-image-350\" width=\"186\" height=\"75\" srcset=\"http:\/\/extranet.magnadian.com:8800\/azeinfo\/wp-content\/uploads\/2023\/09\/euroideas3_logo-1024x415.jpg 1024w, http:\/\/extranet.magnadian.com:8800\/azeinfo\/wp-content\/uploads\/2023\/09\/euroideas3_logo-300x122.jpg 300w, http:\/\/extranet.magnadian.com:8800\/azeinfo\/wp-content\/uploads\/2023\/09\/euroideas3_logo-768x311.jpg 768w, http:\/\/extranet.magnadian.com:8800\/azeinfo\/wp-content\/uploads\/2023\/09\/euroideas3_logo.jpg 1080w\" sizes=\"(max-width: 186px) 100vw, 186px\" \/><\/figure>\n\n\n\n<h3 class=\"wp-block-heading\">Euro Ideas Tres C.A.T.S. S.L.<\/h3>\n\n\n\n<ul class=\"listas\"><li> <em>Alejandro L\u00f3pez Ruano \/ Teresa Vi\u00f1a<\/em><\/li><li>Carretera Gij\u00f3n Sevilla Km 273,5, 49024 Zamora<\/li><li><strong>Mvl.<\/strong>: 689 032 253<\/li><li><strong>E-mail<\/strong>: euroideas3@euroideas3.com<\/li><li> <a rel=\"noreferrer noopener\" href=\"http:\/\/www.euroideas3.com\" target=\"_blank\">www.euroideas3.com <\/a><\/li><\/ul>\n<\/div>\n\n\n\n<div class=\"wp-block-column is-layout-flow wp-block-column-is-layout-flow\">\n<figure class=\"wp-block-image size-large is-resized\"><img decoding=\"async\" loading=\"lazy\" src=\"http:\/\/extranet.magnadian.com:8800\/azeinfo\/wp-content\/uploads\/2023\/09\/logoii.png\" alt=\"\" class=\"wp-image-336\" width=\"260\" height=\"70\" srcset=\"http:\/\/extranet.magnadian.com:8800\/azeinfo\/wp-content\/uploads\/2023\/09\/logoii.png 800w, http:\/\/extranet.magnadian.com:8800\/azeinfo\/wp-content\/uploads\/2023\/09\/logoii-300x82.png 300w, http:\/\/extranet.magnadian.com:8800\/azeinfo\/wp-content\/uploads\/2023\/09\/logoii-768x209.png 768w\" sizes=\"(max-width: 260px) 100vw, 260px\" \/><\/figure>\n\n\n\n<h3 class=\"wp-block-heading\">Magnadian<\/h3>\n\n\n\n<p><strong>Servicios Inform\u00e1ticos<\/strong><\/p>\n\n\n\n<ul class=\"listas\"><li><em>Mart\u00edn Jos\u00e9 de Castro Avellaner<\/em><\/li><li>Calle Palomar , 10, 49006 Zamora<\/li><li><strong>Tel.<\/strong>: 980 101 756 <\/li><li><strong>E-mail<\/strong>: correo@magnadian.com<\/li><li><a rel=\"noreferrer noopener\" href=\"http:\/\/www.magnadian.com\" target=\"_blank\">www.magnadian.com<\/a><\/li><\/ul>\n<\/div>\n<\/div>\n\n\n\n<div class=\"wp-block-columns is-layout-flex wp-container-6 wp-block-columns-is-layout-flex\">\n<div class=\"wp-block-column is-layout-flow wp-block-column-is-layout-flow\">\n<figure class=\"wp-block-image size-large is-resized\"><img decoding=\"async\" loading=\"lazy\" src=\"http:\/\/extranet.magnadian.com:8800\/azeinfo\/wp-content\/uploads\/2023\/09\/Inec_Logo.png\" alt=\"\" class=\"wp-image-355\" width=\"185\" height=\"93\" srcset=\"http:\/\/extranet.magnadian.com:8800\/azeinfo\/wp-content\/uploads\/2023\/09\/Inec_Logo.png 510w, http:\/\/extranet.magnadian.com:8800\/azeinfo\/wp-content\/uploads\/2023\/09\/Inec_Logo-300x151.png 300w\" sizes=\"(max-width: 185px) 100vw, 185px\" \/><\/figure>\n\n\n\n<h3 class=\"wp-block-heading\">Inec \u00ae<\/h3>\n\n\n\n<p><strong>Suministros, Telecomunicaciones y Electr\u00f3nica<\/strong><\/p>\n\n\n\n<ul class=\"listas\"><li><em>Jos\u00e9 Nuno Pinheiro Gaspar<\/em><\/li><li>Carretera del R\u00edo n\u00ba6. 49159 Villaralbo<\/li><li> <strong>Tel.<\/strong>: 902 883 801<\/li><li> <strong>Fax<\/strong>: 902 883 810<\/li><li> <strong>E-mail.<\/strong>: comercial@inec.com<\/li><li> <a rel=\"noreferrer noopener\" href=\"http:\/\/www.inec.com\" target=\"_blank\">www.inec.com <\/a><\/li><\/ul>\n<\/div>\n\n\n\n<div class=\"wp-block-column is-layout-flow wp-block-column-is-layout-flow\">\n<figure class=\"wp-block-image size-large\"><img decoding=\"async\" loading=\"lazy\" width=\"400\" height=\"300\" src=\"http:\/\/extranet.magnadian.com:8800\/azeinfo\/wp-content\/uploads\/2023\/09\/azeinfo_asociate.jpg\" alt=\"\" class=\"wp-image-326\" srcset=\"http:\/\/extranet.magnadian.com:8800\/azeinfo\/wp-content\/uploads\/2023\/09\/azeinfo_asociate.jpg 400w, http:\/\/extranet.magnadian.com:8800\/azeinfo\/wp-content\/uploads\/2023\/09\/azeinfo_asociate-300x225.jpg 300w\" sizes=\"(max-width: 400px) 100vw, 400px\" \/><\/figure>\n<\/div>\n<\/div>\n\n\n\n<p><\/p>\n","protected":false},"excerpt":{"rendered":"<p>Euro Ideas Tres C.A.T.S. S.L. Alejandro L\u00f3pez Ruano \/ Teresa Vi\u00f1a Carretera Gij\u00f3n Sevilla Km 273,5, 49024 Zamora Mvl.: 689 032 253 E-mail: euroideas3@euroideas3.com www.euroideas3.com Magnadian Servicios Inform\u00e1ticos Mart\u00edn Jos\u00e9 de Castro Avellaner Calle Palomar , 10, 49006 Zamora Tel.: 980 101 756 E-mail: correo@magnadian.com www.magnadian.com Inec \u00ae Suministros, Telecomunicaciones y Electr\u00f3nica Jos\u00e9 Nuno Pinheiro &hellip; <\/p>\n<p class=\"link-more\"><a href=\"http:\/\/extranet.magnadian.com:8800\/azeinfo\/socios-azeinfo\/\" class=\"more-link\">Continuar leyendo<span class=\"screen-reader-text\"> \u00abSocios AZEINFO\u00bb<\/span><\/a><\/p>\n","protected":false},"author":1,"featured_media":0,"parent":0,"menu_order":0,"comment_status":"closed","ping_status":"closed","template":"","meta":{"footnotes":""},"_links":{"self":[{"href":"http:\/\/extranet.magnadian.com:8800\/azeinfo\/wp-json\/wp\/v2\/pages\/99"}],"collection":[{"href":"http:\/\/extranet.magnadian.com:8800\/azeinfo\/wp-json\/wp\/v2\/pages"}],"about":[{"href":"http:\/\/extranet.magnadian.com:8800\/azeinfo\/wp-json\/wp\/v2\/types\/page"}],"author":[{"embeddable":true,"href":"http:\/\/extranet.magnadian.com:8800\/azeinfo\/wp-json\/wp\/v2\/users\/1"}],"replies":[{"embeddable":true,"href":"http:\/\/extranet.magnadian.com:8800\/azeinfo\/wp-json\/wp\/v2\/comments?post=99"}],"version-history":[{"count":50,"href":"http:\/\/extranet.magnadian.com:8800\/azeinfo\/wp-json\/wp\/v2\/pages\/99\/revisions"}],"predecessor-version":[{"id":456,"href":"http:\/\/extranet.magnadian.com:8800\/azeinfo\/wp-json\/wp\/v2\/pages\/99\/revisions\/456"}],"wp:attachment":[{"href":"http:\/\/extranet.magnadian.com:8800\/azeinfo\/wp-json\/wp\/v2\/media?parent=99"}],"curies":[{"name":"wp","href":"https:\/\/api.w.org\/{rel}","templated":true}]}}