{"id":14,"date":"2020-03-23T18:59:04","date_gmt":"2020-03-23T18:59:04","guid":{"rendered":"http:\/\/extranet.magnadian.com:8800\/azeinfo\/?page_id=14"},"modified":"2023-09-11T15:58:35","modified_gmt":"2023-09-11T15:58:35","slug":"inicio","status":"publish","type":"page","link":"http:\/\/extranet.magnadian.com:8800\/azeinfo\/","title":{"rendered":"\u00bfQu\u00e9 es AZEINFO?"},"content":{"rendered":"\n<h3 class=\"wp-block-heading encabezados color-titulo-naranja\">Bienvenid@. Gracias por Contactar con AZEINFO<\/h3>\n\n\n\n<p class=\"has-text-align-center text-align-justify\">La Asociaci\u00f3n Zamorana de Empresarios de Inform\u00e1tica pone a su disposici\u00f3n una amplia y diversa oferta de Servicios y Productos vinculados al sector de Nuevas Tecnolog\u00edas de Informaci\u00f3n y Comunicaci\u00f3n (TIC).<\/p>\n\n\n\n<p class=\"has-text-align-center text-align-justify\">Como Asociaci\u00f3n sin \u00e1nimo de lucro queremos promover y facilitar el acceso del mayor n\u00famero posible de personas a la Sociedad de la Informaci\u00f3n con criterios de calidad, aportando experiencia y responsabilidad profesional, en un proceso conjunto de avance que afecta al desarrollo personal y social.<\/p>\n\n\n\n<div class=\"wp-block-image alignright size-full is-resized\"><figure class=\"alignright is-resized\"><figure><img decoding=\"async\" loading=\"lazy\" src=\"http:\/\/extranet.magnadian.com:8800\/azeinfo\/wp-content\/uploads\/2023\/09\/azeinfo3.jpg\" alt=\"\" class=\"wp-image-266\" width=\"350\" height=\"270\"><\/figure><\/figure><\/div>\n\n\n\n<p class=\"has-text-align-center text-align-justify\">Se trata -en resumen- de optimizar los recursos que brindan los Servicios TIC con soluciones cercanas y r\u00e1pidas, con el valor a\u00f1adido de compartir el acervo social y cultural, mediante el dise\u00f1o, desarrollo y ejecuci\u00f3n de iniciativas, propuestas e ideas que contribuyen a la dotaci\u00f3n y ampliaci\u00f3n de infraestructura t\u00e9cnica, a la mejora de la formaci\u00f3n, a la calidad de los contenidos y al desarrollo de aplicaciones particularizadas.<\/p>\n\n\n\n<p class=\"text-align-justify\">AZEINFO ofrece ideas, propuestas e iniciativas para dinamizar la actividad TIC entre  ciudadanos, empresas y agentes sociales en su conjunto, con instrumentos did\u00e1cticos y l\u00fadicos (Foros, Jornadas, Talleres, Exhibiciones\u2026) que mejoran la formaci\u00f3n general y facilitan la extensi\u00f3n de las m\u00faltiples aplicaciones en \u00e1reas compatibles para afrontar proyectos conjuntos de entidad a los que se aporta el valor a\u00f1adido de la cercan\u00eda geogr\u00e1fica y el conocimiento profundo del entorno.<\/p>\n\n\n\n<div class=\"wp-block-columns is-layout-flex wp-container-4 wp-block-columns-is-layout-flex\">\n<div class=\"wp-block-column is-layout-flow wp-block-column-is-layout-flow\">\n<figure class=\"wp-block-image size-large\"><img decoding=\"async\" loading=\"lazy\" width=\"960\" height=\"540\" src=\"http:\/\/extranet.magnadian.com:8800\/azeinfo\/wp-content\/uploads\/2020\/03\/teclado.jpg\" alt=\"\" class=\"wp-image-38\" srcset=\"http:\/\/extranet.magnadian.com:8800\/azeinfo\/wp-content\/uploads\/2020\/03\/teclado.jpg 960w, http:\/\/extranet.magnadian.com:8800\/azeinfo\/wp-content\/uploads\/2020\/03\/teclado-300x169.jpg 300w, http:\/\/extranet.magnadian.com:8800\/azeinfo\/wp-content\/uploads\/2020\/03\/teclado-768x432.jpg 768w\" sizes=\"(max-width: 767px) 89vw, (max-width: 1000px) 54vw, (max-width: 1071px) 543px, 580px\" \/><\/figure>\n\n\n\n<h4 class=\"wp-block-heading\">Que es Azeinfo<\/h4>\n\n\n\n<p class=\"text-align-justify\">Asociaci\u00f3n sin \u00e1nimo de lucro, queremos promover y facilitar el acceso del mayor n\u00famero posible de personas a la Sociedad de la Informaci\u00f3n.<\/p>\n<\/div>\n\n\n\n<div class=\"wp-block-column is-layout-flow wp-block-column-is-layout-flow\">\n<figure class=\"wp-block-image size-large\"><img decoding=\"async\" loading=\"lazy\" width=\"1022\" height=\"609\" src=\"http:\/\/extranet.magnadian.com:8800\/azeinfo\/wp-content\/uploads\/2023\/09\/Captura-de-pantalla-de-2023-09-06-14-20-44.png\" alt=\"\" class=\"wp-image-397\" srcset=\"http:\/\/extranet.magnadian.com:8800\/azeinfo\/wp-content\/uploads\/2023\/09\/Captura-de-pantalla-de-2023-09-06-14-20-44.png 1022w, http:\/\/extranet.magnadian.com:8800\/azeinfo\/wp-content\/uploads\/2023\/09\/Captura-de-pantalla-de-2023-09-06-14-20-44-300x179.png 300w, http:\/\/extranet.magnadian.com:8800\/azeinfo\/wp-content\/uploads\/2023\/09\/Captura-de-pantalla-de-2023-09-06-14-20-44-768x458.png 768w\" sizes=\"(max-width: 767px) 89vw, (max-width: 1000px) 54vw, (max-width: 1071px) 543px, 580px\" \/><\/figure>\n\n\n\n<h4 class=\"wp-block-heading\">Que ofrece<\/h4>\n\n\n\n<p class=\"text-align-justify\">Ideas, propuestas e iniciativas para dinamizar la actividad TIC entre  ciudadanos, empresas y agentes sociales en su conjunto<\/p>\n<\/div>\n\n\n\n<div class=\"wp-block-column is-layout-flow wp-block-column-is-layout-flow\">\n<figure class=\"wp-block-image size-large is-resized\"><img decoding=\"async\" loading=\"lazy\" src=\"http:\/\/extranet.magnadian.com:8800\/azeinfo\/wp-content\/uploads\/2023\/09\/azeinfo_portada-1024x662.jpg\" alt=\"\" class=\"wp-image-263\" style=\"width:400px;height:331px\" width=\"400\" height=\"331\"\/><\/figure>\n\n\n\n<h4 class=\"wp-block-heading\">Quienes somos<\/h4>\n\n\n\n<p class=\"text-align-justify\">Asociaci\u00f3n Zamorana de Empresarios de Inform\u00e1tica, le ofrecemos Servicios y Productos vinculados al sector de Nuevas Tecnolog\u00edas de Informaci\u00f3n y Comunicaci\u00f3n (TIC).<\/p>\n<\/div>\n<\/div>\n\n\n<h3><strong>Nuestros servicios:<br \/><\/strong><\/h3>\n\n\n<div class=\"wp-block-group is-layout-flow wp-block-group-is-layout-flow\"><div class=\"wp-block-group__inner-container\">\n<div class=\"wp-block-group is-layout-flow wp-block-group-is-layout-flow\"><div class=\"wp-block-group__inner-container\"><div class=\"wp-block-image alignleft size-full is-resized img-resp\">\n<figure class=\"size-large\"><img decoding=\"async\" loading=\"lazy\" src=\"http:\/\/extranet.magnadian.com:8800\/azeinfo\/wp-content\/uploads\/2023\/09\/rollup_azeinfo_gran-420x1024.jpg\" alt=\"\" class=\"wp-image-366\" style=\"width:351px;height:855px\" width=\"351\" height=\"855\" srcset=\"http:\/\/extranet.magnadian.com:8800\/azeinfo\/wp-content\/uploads\/2023\/09\/rollup_azeinfo_gran-420x1024.jpg 420w, http:\/\/extranet.magnadian.com:8800\/azeinfo\/wp-content\/uploads\/2023\/09\/rollup_azeinfo_gran-123x300.jpg 123w, http:\/\/extranet.magnadian.com:8800\/azeinfo\/wp-content\/uploads\/2023\/09\/rollup_azeinfo_gran-768x1870.jpg 768w, http:\/\/extranet.magnadian.com:8800\/azeinfo\/wp-content\/uploads\/2023\/09\/rollup_azeinfo_gran-631x1536.jpg 631w, http:\/\/extranet.magnadian.com:8800\/azeinfo\/wp-content\/uploads\/2023\/09\/rollup_azeinfo_gran-841x2048.jpg 841w, http:\/\/extranet.magnadian.com:8800\/azeinfo\/wp-content\/uploads\/2023\/09\/rollup_azeinfo_gran-scaled.jpg 1051w\" sizes=\"(max-width: 351px) 100vw, 351px\" \/><\/figure><\/div><\/div><\/div>\n<\/div><\/div>\n\n\n\n<ul class=\"text-align-justify listas\">\n<li>Contenidos Digitales e Internet<\/li>\n\n\n\n<li>Desarrollo de Software <\/li>\n\n\n\n<li>Aplicaciones profesionales<\/li>\n\n\n\n<li>Suministros<\/li>\n\n\n\n<li>Telecomunicaciones <\/li>\n\n\n\n<li>Electr\u00f3nica<\/li>\n\n\n\n<li>Servicios profesionales y Formaci\u00f3n<\/li>\n\n\n\n<li>Servicios profesionales<\/li>\n<\/ul>\n\n\n\n<figure class=\"wp-block-image size-large is-resized\"><img decoding=\"async\" loading=\"lazy\" src=\"http:\/\/extranet.magnadian.com:8800\/azeinfo\/wp-content\/uploads\/2023\/09\/Captura-de-pantalla-de-2023-09-06-14-20-44.png\" alt=\"\" class=\"wp-image-397\" style=\"width:628px;height:372px\" width=\"628\" height=\"372\"\/><\/figure>\n\n\n<h1>Junta Directiva<\/h1>\n\n<div class=\"wp-block-image alignleft size-full is-resized img-resp\">\n<figure class=\"\"><img decoding=\"async\" loading=\"lazy\" src=\"http:\/\/extranet.magnadian.com:8800\/azeinfo\/wp-content\/uploads\/2023\/09\/azeinfo1.jpg\" alt=\"\" class=\"wp-image-276\" style=\"width:389px;height:386px\" width=\"389\" height=\"386\"\/><\/figure><\/div>\n\n\n<ul class=\"listas\">\n<li><strong>Presidente<\/strong>: Alejandro L\u00f3pez Ruano (Euroideas 3)<\/li>\n\n\n\n<li><strong>Vicepresidente<\/strong>: Mart\u00edn de Castro Avellaner (Magnadian)<\/li>\n\n\n\n<li><strong>Secretario<\/strong>: &#8212;<\/li>\n\n\n\n<li><strong>Vocal<\/strong>: &#8212;<\/li>\n\n\n\n<li><strong>Vocal<\/strong>: &#8212;<\/li>\n<\/ul>\n","protected":false},"excerpt":{"rendered":"<p>Bienvenid@. Gracias por Contactar con AZEINFO La Asociaci\u00f3n Zamorana de Empresarios de Inform\u00e1tica pone a su disposici\u00f3n una amplia y diversa oferta de Servicios y Productos vinculados al sector de Nuevas Tecnolog\u00edas de Informaci\u00f3n y Comunicaci\u00f3n (TIC). Como Asociaci\u00f3n sin \u00e1nimo de lucro queremos promover y facilitar el acceso del mayor n\u00famero posible de personas &hellip; <\/p>\n<p class=\"link-more\"><a href=\"http:\/\/extranet.magnadian.com:8800\/azeinfo\/\" class=\"more-link\">Continuar leyendo<span class=\"screen-reader-text\"> \u00ab\u00bfQu\u00e9 es AZEINFO?\u00bb<\/span><\/a><\/p>\n","protected":false},"author":1,"featured_media":0,"parent":0,"menu_order":0,"comment_status":"closed","ping_status":"closed","template":"","meta":{"footnotes":""},"_links":{"self":[{"href":"http:\/\/extranet.magnadian.com:8800\/azeinfo\/wp-json\/wp\/v2\/pages\/14"}],"collection":[{"href":"http:\/\/extranet.magnadian.com:8800\/azeinfo\/wp-json\/wp\/v2\/pages"}],"about":[{"href":"http:\/\/extranet.magnadian.com:8800\/azeinfo\/wp-json\/wp\/v2\/types\/page"}],"author":[{"embeddable":true,"href":"http:\/\/extranet.magnadian.com:8800\/azeinfo\/wp-json\/wp\/v2\/users\/1"}],"replies":[{"embeddable":true,"href":"http:\/\/extranet.magnadian.com:8800\/azeinfo\/wp-json\/wp\/v2\/comments?post=14"}],"version-history":[{"count":98,"href":"http:\/\/extranet.magnadian.com:8800\/azeinfo\/wp-json\/wp\/v2\/pages\/14\/revisions"}],"predecessor-version":[{"id":458,"href":"http:\/\/extranet.magnadian.com:8800\/azeinfo\/wp-json\/wp\/v2\/pages\/14\/revisions\/458"}],"wp:attachment":[{"href":"http:\/\/extranet.magnadian.com:8800\/azeinfo\/wp-json\/wp\/v2\/media?parent=14"}],"curies":[{"name":"wp","href":"https:\/\/api.w.org\/{rel}","templated":true}]}}