{"id":101,"date":"2020-03-30T17:07:15","date_gmt":"2020-03-30T17:07:15","guid":{"rendered":"http:\/\/extranet.magnadian.com:8800\/azeinfo\/?page_id=101"},"modified":"2023-09-06T17:11:36","modified_gmt":"2023-09-06T17:11:36","slug":"nuestra-sede","status":"publish","type":"page","link":"http:\/\/extranet.magnadian.com:8800\/azeinfo\/nuestra-sede\/","title":{"rendered":"Nuestra sede"},"content":{"rendered":"\n<p><strong>AZEINFO     <\/strong> <\/p>\n\n\n\n<p><em><font color=\"red\">Asociaci\u00f3n Zamorana de Empresarios de Inform\u00e1tica<\/font><\/em><br><b>Plaza Alemania 1, 49014, Zamora <\/b><br> Zamora<\/p>\n\n\n\n<p><strong>Tel\u00e9fono<\/strong>. 663 903 960<\/p>\n\n\n\n<iframe loading=\"lazy\" src=\"https:\/\/www.google.com\/maps\/embed?pb=!1m18!1m12!1m3!1d2987.8425321372233!2d-5.7458925847544835!3d41.507687096492056!2m3!1f0!2f0!3f0!3m2!1i1024!2i768!4f13.1!3m3!1m2!1s0xd391e3083147381%3A0x5dabdc3083276380!2sPlaza%20Alemania%2C%201%2C%2049014%20Zamora!5e0!3m2!1ses!2ses!4v1585591301119!5m2!1ses!2ses\" style=\"border:0;\" allowfullscreen=\"\" aria-hidden=\"false\" tabindex=\"0\" width=\"800\" height=\"600\" frameborder=\"0\"><\/iframe>\n","protected":false},"excerpt":{"rendered":"<p>AZEINFO Asociaci\u00f3n Zamorana de Empresarios de Inform\u00e1ticaPlaza Alemania 1, 49014, Zamora Zamora Tel\u00e9fono. 663 903 960<\/p>\n","protected":false},"author":1,"featured_media":0,"parent":0,"menu_order":0,"comment_status":"closed","ping_status":"closed","template":"","meta":{"footnotes":""},"_links":{"self":[{"href":"http:\/\/extranet.magnadian.com:8800\/azeinfo\/wp-json\/wp\/v2\/pages\/101"}],"collection":[{"href":"http:\/\/extranet.magnadian.com:8800\/azeinfo\/wp-json\/wp\/v2\/pages"}],"about":[{"href":"http:\/\/extranet.magnadian.com:8800\/azeinfo\/wp-json\/wp\/v2\/types\/page"}],"author":[{"embeddable":true,"href":"http:\/\/extranet.magnadian.com:8800\/azeinfo\/wp-json\/wp\/v2\/users\/1"}],"replies":[{"embeddable":true,"href":"http:\/\/extranet.magnadian.com:8800\/azeinfo\/wp-json\/wp\/v2\/comments?post=101"}],"version-history":[{"count":18,"href":"http:\/\/extranet.magnadian.com:8800\/azeinfo\/wp-json\/wp\/v2\/pages\/101\/revisions"}],"predecessor-version":[{"id":444,"href":"http:\/\/extranet.magnadian.com:8800\/azeinfo\/wp-json\/wp\/v2\/pages\/101\/revisions\/444"}],"wp:attachment":[{"href":"http:\/\/extranet.magnadian.com:8800\/azeinfo\/wp-json\/wp\/v2\/media?parent=101"}],"curies":[{"name":"wp","href":"https:\/\/api.w.org\/{rel}","templated":true}]}}